{"id":627,"date":"2020-04-07T08:52:39","date_gmt":"2020-04-07T08:52:39","guid":{"rendered":"http:\/\/weingut-ziereisen.de\/?page_id=627"},"modified":"2020-04-07T08:52:39","modified_gmt":"2020-04-07T08:52:39","slug":"datenschutz","status":"publish","type":"page","link":"https:\/\/weingut-ziereisen.de\/?page_id=627","title":{"rendered":"Datenschutz"},"content":{"rendered":"<div class=\"flex_column av_one_fifth  flex_column_div av-zero-column-padding first  avia-builder-el-0  el_before_av_three_fifth  avia-builder-el-first  \" style='border-radius:0px; '><\/div>\n<div class=\"flex_column av_three_fifth  flex_column_div av-zero-column-padding   avia-builder-el-1  el_after_av_one_fifth  el_before_av_one_fifth  \" style='border-radius:0px; '><section class=\"av_textblock_section \"  itemscope=\"itemscope\" itemtype=\"https:\/\/schema.org\/CreativeWork\" ><div class='avia_textblock  '   itemprop=\"text\" ><h3><strong>Datenschutz<\/strong><\/h3>\n<p>Vielen Dank f\u00fcr den Besuch unserer Website. Wir nehmen den Schutz Ihrer pers\u00f6nlichen Daten sehr ernst und sind daher bestrebt, Ihnen nicht nur ein umfassendes Online-Angebot zur Verf\u00fcgung zu stellen, sondern dabei auch Ihr Recht auf Geheimhaltung der personenbezogenen Daten zu gew\u00e4hrleisten. Als gesetzliche Grundlage dienen insbesondere die \u201eDatenschutz-Grundverordnung\u201c (DSGVO)<\/p>\n<p><strong>1. Was machen wir mit Ihren Informationen?<\/strong><\/p>\n<p>Wir verarbeiten personenbezogene Daten, die von Ihnen freiwillig innerhalb unseres Internetangebots eingegeben wurden zur Pflege der Kundenbeziehungen, f\u00fcr unsere Werbung und zur Auftragsabwicklung. Die daf\u00fcr erforderlichen Daten werden ggf. an Dienstleister weitergeleitet. Wir werden Ihre Daten jedoch weder an Dritte verkaufen noch anderweitig vermarkten.<\/p>\n<p><strong>2. Wann erheben, verarbeiten und nutzen wir pers\u00f6nliche Informationen von Ihnen?<\/strong><\/p>\n<p>Bei jedem Zugriff eines Nutzers auf eine Seite unseres Angebots und bei jedem Abruf einer Datei werden Zugriffsdaten von uns und teilweise von Dritten \u00fcber diesen Vorgang in Form von Protokolldateien gespeichert.<br \/>\nJeder Datensatz besteht aus:<\/p>\n<p>&#8211; Der Website, von der Sie unsere Seite aufrufen<br \/>\n&#8211; Der IP-Adresse<br \/>\n&#8211; Dem Zugriffsdatum und der Zugriffszeit<br \/>\n&#8211; Der Anfrage des Clients<br \/>\n&#8211; Dem http-Antwort-Code<br \/>\n&#8211; Der \u00fcbertragenen Datenmenge<br \/>\n&#8211; Der Information \u00fcber den von Ihnen verwendeten Browser und das von Ihnen verwendete Betriebssystem<\/p>\n<p><strong>3. Welche M\u00f6glichkeiten habe ich, gegen die Speicherung von Daten vorzugehen?<\/strong><\/p>\n<p>Wenden Sie sich bitte in diesen F\u00e4llen an unsere unten genannte Abteilung Datenschutz per E-Mail.<\/p>\n<p><strong>4. Was sind Cookies und wie werden sie verwendet?<\/strong><\/p>\n<p>Um Ihnen den Besuch unserer Website so komfortabel wie m\u00f6glich zu gestalten, setzen wir zur Anzeige des Produktangebotes Cookies ein. Bei Cookies handelt es sich um kleine Textdateien, die lokal im Zwischenspeicher des Internetbrowsers des Seitenbesuchers gespeichert werden. Selbstverst\u00e4ndlich k\u00f6nnen Sie Ihren Browser so einstellen, dass keine Cookies auf der Festplatte abgelegt werden bzw. bereits abgelegte Cookies wieder gel\u00f6scht werden.<\/p>\n<p><strong>5. Google Analytics<\/strong><\/p>\n<p>Diese Website benutzt Google Analytics, einen Webanalysedienst der Google Inc. (\u201eGoogle\u201c). Google Analytics verwendet sog. \u201eCookies\u201c, Textdateien, die auf Computer der Nutzer gespeichert werden und die eine Analyse der Benutzung der Website durch sie erm\u00f6glichen. Die durch den Cookie erzeugten Informationen \u00fcber Benutzung dieser Website durch die Nutzer werden in der Regel an einen Server von Google in den USA \u00fcbertragen und dort gespeichert. Auf dieser Website wurde die IP-Anonymisierung aktiviert, so dass die IP-Adresse der Nutzer von Google innerhalb von Mitgliedstaaten der Europ\u00e4ischen Union oder in anderen Vertragsstaaten des Abkommens \u00fcber den Europ\u00e4ischen Wirtschaftsraum zuvor gek\u00fcrzt wird. Nur in Ausnahmef\u00e4llen wird die volle IP-Adresse an einen Server von Google in den USA \u00fcbertragen und dort gek\u00fcrzt. Im Auftrag des Betreibers dieser Website wird Google diese Informationen benutzen, um die Nutzung der Website durch die Nutzer auszuwerten, um Reports \u00fcber die Websiteaktivit\u00e4ten zusammenzustellen und um weitere mit der Websitenutzung und der Internetnutzung verbundene Dienstleistungen gegen\u00fcber dem Websitebetreiber zu erbringen. Die im Rahmen von Google Analytics von Ihrem Browser \u00fcbermittelte IP-Adresse wird nicht mit anderen Daten von Google zusammengef\u00fchrt. Sie k\u00f6nnen die Speicherung der Cookies durch eine entsprechende Einstellung Ihrer Browser-Software verhindern. Wir weisen Sie jedoch darauf hin, dass Sie in diesem Fall gegebenenfalls nicht s\u00e4mtliche Funktionen dieser Website vollumf\u00e4nglich nutzen k\u00f6nnen.<\/p>\n<p><strong>6. Links zu anderen Websites<\/strong><\/p>\n<p>Unser Online-Angebot enth\u00e4lt Links zu anderen Websites. Die vorliegenden Hinweise zum Datenschutz gelten nur f\u00fcr unsere Website. F\u00fcr fremde Inhalte, die \u00fcber Links zur Nutzung bereitgestellt werden und besonders gekennzeichnet sind, \u00fcbernehmen wir keine Verantwortung und machen uns deren Inhalt nicht zu Eigen. F\u00fcr illegale, fehlerhafte oder unvollst\u00e4ndige Inhalte sowie f\u00fcr Sch\u00e4den, die durch die Nutzung oder Nichtnutzung der Informationen entstehen, haftet allein der Anbieter der Website, auf die verwiesen wurde.<\/p>\n<p><strong>7. Newsletter<\/strong><\/p>\n<p>Wenn Sie in den Erhalt unseres Newsletters eingewilligt haben, nutzen wir Ihre E-Mail-Adresse f\u00fcr die Zusendung eines mehrmals im Jahr erscheinenden E-Mail-Newsletters mit Informationen \u00fcber Produkte, Aktionen, und Neuigkeiten unseres Weinguts. Sie k\u00f6nnen Ihre Einwilligung in den Erhalt des Newsletters jederzeit widerrufen. Zurzeit stellen wir aber keinen Newsletter zur Verf\u00fcgung.<\/p>\n<p><strong>8. Haben Sie weitere Fragen?<\/strong><\/p>\n<p>Sollten Sie weitere Fragen zur Verarbeitung Ihrer pers\u00f6nlichen Daten haben, dann wenden Sie sich an<\/p>\n<p>Mail: <a href=\"mailto:kontakt@weingut-ziereisen.de\">kontakt@weingut-ziereisen.de<\/a><\/p>\n<\/div><\/section><\/div><div class=\"flex_column av_one_fifth  flex_column_div av-zero-column-padding   avia-builder-el-3  el_after_av_three_fifth  avia-builder-el-last  \" style='border-radius:0px; '><\/div><\/p>\n","protected":false},"excerpt":{"rendered":"","protected":false},"author":1,"featured_media":0,"parent":0,"menu_order":0,"comment_status":"closed","ping_status":"closed","template":"","meta":{"footnotes":""},"class_list":["post-627","page","type-page","status-publish","hentry"],"_links":{"self":[{"href":"https:\/\/weingut-ziereisen.de\/index.php?rest_route=\/wp\/v2\/pages\/627","targetHints":{"allow":["GET"]}}],"collection":[{"href":"https:\/\/weingut-ziereisen.de\/index.php?rest_route=\/wp\/v2\/pages"}],"about":[{"href":"https:\/\/weingut-ziereisen.de\/index.php?rest_route=\/wp\/v2\/types\/page"}],"author":[{"embeddable":true,"href":"https:\/\/weingut-ziereisen.de\/index.php?rest_route=\/wp\/v2\/users\/1"}],"replies":[{"embeddable":true,"href":"https:\/\/weingut-ziereisen.de\/index.php?rest_route=%2Fwp%2Fv2%2Fcomments&post=627"}],"version-history":[{"count":2,"href":"https:\/\/weingut-ziereisen.de\/index.php?rest_route=\/wp\/v2\/pages\/627\/revisions"}],"predecessor-version":[{"id":1043,"href":"https:\/\/weingut-ziereisen.de\/index.php?rest_route=\/wp\/v2\/pages\/627\/revisions\/1043"}],"wp:attachment":[{"href":"https:\/\/weingut-ziereisen.de\/index.php?rest_route=%2Fwp%2Fv2%2Fmedia&parent=627"}],"curies":[{"name":"wp","href":"https:\/\/api.w.org\/{rel}","templated":true}]}}