{"id":431,"date":"2015-02-22T19:55:57","date_gmt":"2015-02-22T19:55:57","guid":{"rendered":"http:\/\/wp\/enfold-medium-business\/?page_id=11"},"modified":"2026-03-10T11:25:51","modified_gmt":"2026-03-10T11:25:51","slug":"home","status":"publish","type":"page","link":"https:\/\/weingut-ziereisen.de\/","title":{"rendered":"Startseite"},"content":{"rendered":"<div id='av_section_1'  class='avia-section main_color avia-section-default avia-no-border-styling  avia-bg-style-scroll  avia-builder-el-0  el_before_av_section  avia-builder-el-first   av-minimum-height av-minimum-height-100  av-section-with-video-bg container_wrap sidebar_right' style=' '   data-av_minimum_height_pc='100' data-section-video-ratio='16:9'><div   data-size='featured'  data-lightbox_size='large'  data-animation='slide'  data-conditional_play=''  data-ids=''  data-video_counter='1'  data-autoplay='false'  data-bg_slider='false'  data-slide_height=''  data-handle=''  data-interval='5'  data-class=' av-section-video-bg'  data-el_id=''  data-css_id=''  data-scroll_down=''  data-control_layout=''  data-custom_markup=''  data-perma_caption=''  data-autoplay_stopper=''  data-image_attachment=''  data-min_height='0px'  data-default-height='28.666666666667'  class='avia-slideshow avia-slideshow-1  av-default-height-applied avia-slideshow-featured   av-section-video-bg avia-slide-slider '  itemprop=\"image\" itemscope=\"itemscope\" itemtype=\"https:\/\/schema.org\/ImageObject\" ><ul class='avia-slideshow-inner ' style='padding-bottom: 28.666666666667%;' ><li  data-controls='disabled' data-mute='aviaTBaviaTBvideo_mute' data-loop='1' data-disable-autoplay=''  data-video-ratio='3.4883720930233' class=' av-video-slide  av-video-service-vimeo  av-hide-video-controls av-mute-video av-loop-video av-single-slide slide-1 ' ><div data-rel='slideshow-1' class='avia-slide-wrap '   ><div class='av-click-overlay'><\/div><div class='mejs-mediaelement'><div data-src='\/\/player.vimeo.com\/video\/646841725?autoplay=1&#038;muted=1&#038;portrait=0&#038;byline=0&#038;title=0&#038;badge=0&#038;loop=1&#038;autopause=0&#038;api=1&#038;rel=0&#038;player_id=player_431_2016229759_2122460757&#038;color=000000' data-original_url='https:\/\/vimeo.com\/646841725?autoplay=1&muted=1' height='1600' width='900' class='av_vimeo_frame' id='player_431_2016229759_2122460757'><\/div><\/div><div class='av-click-to-play-overlay'><div class=\"avia_playpause_icon\"><\/div><\/div><\/div><\/li><\/ul><\/div><div class='av-section-color-overlay-wrap'><a href='#next-section' title='' class='scroll-down-link  av-custom-scroll-down-color' style='color: #de5063;' aria-hidden='true' data-av_icon='\ue877' data-av_iconfont='entypo-fontello'><\/a><div class='container' ><main  role=\"main\" itemprop=\"mainContentOfPage\"  class='template-page content  av-content-small alpha units'><div class='post-entry post-entry-type-page post-entry-431'><div class='entry-content-wrapper clearfix'>\n<div class=\"flex_column av_one_half  flex_column_div first  avia-builder-el-1  avia-builder-el-no-sibling  \" ><p><div  style='text-align:left; color:#de5063; font-size:45px; margin:0 0 0 0; ' class='av-rotator-container av-rotation-container-left   avia-builder-el-2  el_before_av_hr  avia-builder-el-first  av-typewriter' data-interval='6' data-animation='0'><p class='av-rotator-container-inner '>Unser Jahr im Weingut<span class='av-rotator-text av-rotator-multiline-on '>\n<span style='color:#ffffff; ' class='av-rotator-text-single av-rotator-text-single-1'>Wollen Sie mehr Informationen? Dann scrollen Sie bitte herunter<\/span>\n<\/span><\/p><\/div><br \/>\n<div  style=' margin-top:40px; margin-bottom:40px;'  class='hr hr-custom hr-left hr-icon-no   avia-builder-el-3  el_after_av_headline_rotator  avia-builder-el-last '><span class='hr-inner  inner-border-av-border-fat' style=' width:50px; border-color:#ffffff;' ><span class='hr-inner-style'><\/span><\/span><\/div><\/p><\/div>\n\n<\/div><\/div><\/main><!-- close content main element --><\/div><\/div><\/div><div id='av_section_2'  class='avia-section main_color avia-section-huge avia-no-border-styling  avia-bg-style-scroll  avia-builder-el-4  el_after_av_section  el_before_av_section   container_wrap sidebar_right' style=' '  ><div class='container' ><div class='template-page content  av-content-small alpha units'><div class='post-entry post-entry-type-page post-entry-431'><div class='entry-content-wrapper clearfix'>\n<div class=\"flex_column av_one_fifth  flex_column_div first  avia-builder-el-5  el_before_av_three_fifth  avia-builder-el-first  \" ><\/div><div class=\"flex_column av_three_fifth  flex_column_div   avia-builder-el-6  el_after_av_one_fifth  el_before_av_one_fifth  \" ><div  style='padding-bottom:10px; font-size:40px;' class='av-special-heading av-special-heading-h1  blockquote modern-quote modern-centered  avia-builder-el-7  avia-builder-el-no-sibling  av-thin-font av-inherit-size '><h1 class='av-special-heading-tag '  itemprop=\"headline\"  ><strong>Herzlich willkommen<\/strong><\/p>\n<p>beim Weingut<br \/>der Familie Ziereisen!<\/h1><div class='special-heading-border'><div class='special-heading-inner-border' ><\/div><\/div><\/div><\/div><div class=\"flex_column av_one_fifth  flex_column_div   avia-builder-el-8  el_after_av_three_fifth  avia-builder-el-last  \" ><\/div>\n\n<\/div><\/div><\/div><!-- close content main div --><\/div><\/div><div id='av_section_3'  class='avia-section main_color avia-section-large avia-no-border-styling  avia-full-stretch av-parallax-section av-section-color-overlay-active avia-bg-style-parallax  avia-builder-el-9  el_after_av_section  el_before_av_section   av-minimum-height av-minimum-height-75  container_wrap sidebar_right' style='background-color: #f8f8f8;  '  data-section-bg-repeat='stretch' data-av_minimum_height_pc='75'><div class='av-parallax' data-avia-parallax-ratio='0.3' ><div class='av-parallax-inner main_color  avia-full-stretch' style = 'background-color: #f8f8f8; background-repeat: no-repeat; background-image: url(https:\/\/weingut-ziereisen.de\/wp-content\/uploads\/2020\/04\/fuerstartseite-01-1030x687.jpg);background-attachment: scroll; background-position: center right; ' ><\/div><\/div><div class='av-section-color-overlay-wrap'><div class='av-section-color-overlay' style='opacity: 0.3; background-color: #ffffff; '><\/div><div class='container' ><div class='template-page content  av-content-small alpha units'><div class='post-entry post-entry-type-page post-entry-431'><div class='entry-content-wrapper clearfix'>\n<div class=\"flex_column av_three_fifth  flex_column_div first  avia-builder-el-10  el_before_av_two_fifth  avia-builder-el-first  \" ><\/div><div class=\"flex_column av_two_fifth  flex_column_div   avia-builder-el-11  el_after_av_three_fifth  avia-builder-el-last  \" ><section class=\"av_textblock_section \"  itemscope=\"itemscope\" itemtype=\"https:\/\/schema.org\/CreativeWork\" ><div class='avia_textblock  '   itemprop=\"text\" ><p><strong>Termine:<br \/>\n<\/strong>17. April, Winzerabend im <a href=\"https:\/\/kuenstlers-weinbar.de\/\" target=\"_blank\" rel=\"noopener\">kuenstlers-weinbar.de\/<\/a><br \/>\n24. April, <strong>7. Badischer Landweinmarkt<\/strong>, <a href=\"http:\/\/weingut-ziereisen.de\/wp-content\/uploads\/2026\/03\/Flyer-2026-Internet.pdf\" target=\"_blank\" rel=\"noopener\">Flyer HIER<\/a><br \/>\n30. Mai, Wein &amp; Spargel im Hotel<br \/>\nRestaurant Ochsen, Ermitagestrasse 16, 4144 Arlesheim<br \/>\n+41 61 706 52 47, <a href=\"http:\/\/www.ochsen.ch\" target=\"_blank\" rel=\"noopener\">www.ochsen.ch<\/a><\/p>\n<p><strong>Wie jedes Jahr nach dem Herbst erscheint unser Jahresbericht!<\/strong><br \/>\nWir freuen uns, ihn <a href=\"http:\/\/weingut-ziereisen.de\/wp-content\/uploads\/2025\/10\/JB25_Internet.pdf\" target=\"_blank\" rel=\"noopener\">HIER<\/a> zur Ansicht bereitstellen zu d\u00fcrfen.<\/p>\n<p>\u00dcbrigens: \u00dcbernachten k\u00f6nnen Sie bei uns auch. Schreiben Sie uns einfach eine E-Mail oder rufen Sie uns an.<br \/>\nUnsere \u00d6ffnungszeiten finden Sie <a href=\"http:\/\/weingut-ziereisen.de\/?page_id=520\">HIER UNTER Kontakt<\/a>.<\/p>\n<\/div><\/section><\/div><\/div><\/div><\/div><!-- close content main div --><\/div><\/div><\/div><div id='av_section_4'  class='avia-section main_color avia-section-large avia-no-border-styling  avia-full-contain av-parallax-section av-section-color-overlay-active avia-bg-style-parallax  avia-builder-el-13  el_after_av_section  el_before_av_section   av-minimum-height av-minimum-height-100  container_wrap sidebar_right' style='background-color: #ffffcc;  '  data-section-bg-repeat='contain' data-av_minimum_height_pc='100'><div class='av-parallax' data-avia-parallax-ratio='0.3' ><div class='av-parallax-inner main_color  avia-full-contain' style = 'background-color: #ffffcc; background-repeat: no-repeat; background-image: url(https:\/\/weingut-ziereisen.de\/wp-content\/uploads\/2020\/06\/startseite-0620-1.png);background-attachment: scroll; background-position: top left; ' ><\/div><\/div><div class='av-section-color-overlay-wrap'><div class='av-section-color-overlay' style='opacity: 0.3; background-color: #ffffff; '><\/div><div class='container' ><div class='template-page content  av-content-small alpha units'><div class='post-entry post-entry-type-page post-entry-431'><div class='entry-content-wrapper clearfix'>\n<div class=\"flex_column av_two_fifth  flex_column_div first  avia-builder-el-14  el_before_av_three_fifth  avia-builder-el-first  \" ><section class=\"av_textblock_section \"  itemscope=\"itemscope\" itemtype=\"https:\/\/schema.org\/CreativeWork\" ><div class='avia_textblock  '   itemprop=\"text\" ><\/div><\/section><\/div><div class=\"flex_column av_three_fifth  flex_column_div   avia-builder-el-16  el_after_av_two_fifth  avia-builder-el-last  \" ><\/div>\n<\/p>\n<\/div><\/div><\/div><!-- close content main div --><\/div><\/div><\/div><div id='av_section_5'  class='avia-section main_color avia-section-large avia-no-border-styling  avia-full-stretch av-parallax-section avia-bg-style-parallax  avia-builder-el-17  el_after_av_section  avia-builder-el-last   av-minimum-height av-minimum-height-75  container_wrap sidebar_right' style='background-color: #f8f8f8;  '  data-section-bg-repeat='stretch' data-av_minimum_height_pc='75'><div class='av-parallax' data-avia-parallax-ratio='0.3' ><div class='av-parallax-inner main_color  avia-full-stretch' style = 'background-color: #f8f8f8; background-repeat: no-repeat; background-image: url(https:\/\/weingut-ziereisen.de\/wp-content\/uploads\/2020\/04\/fuerstartseite-04-1030x378.jpg);background-attachment: scroll; background-position: center center; ' ><\/div><\/div><div class='container' ><div class='template-page content  av-content-small alpha units'><div class='post-entry post-entry-type-page post-entry-431'><div class='entry-content-wrapper clearfix'><\/div><\/div><\/div><!-- close content main div --><\/div><\/div><div id='after_section_5'  class='main_color av_default_container_wrap container_wrap sidebar_right' style=' '  ><div class='container' ><div class='template-page content  av-content-small alpha units'><div class='post-entry post-entry-type-page post-entry-431'><div class='entry-content-wrapper clearfix'>\n","protected":false},"excerpt":{"rendered":"","protected":false},"author":1,"featured_media":0,"parent":0,"menu_order":0,"comment_status":"open","ping_status":"open","template":"","meta":{"footnotes":""},"class_list":["post-431","page","type-page","status-publish","hentry"],"_links":{"self":[{"href":"https:\/\/weingut-ziereisen.de\/index.php?rest_route=\/wp\/v2\/pages\/431","targetHints":{"allow":["GET"]}}],"collection":[{"href":"https:\/\/weingut-ziereisen.de\/index.php?rest_route=\/wp\/v2\/pages"}],"about":[{"href":"https:\/\/weingut-ziereisen.de\/index.php?rest_route=\/wp\/v2\/types\/page"}],"author":[{"embeddable":true,"href":"https:\/\/weingut-ziereisen.de\/index.php?rest_route=\/wp\/v2\/users\/1"}],"replies":[{"embeddable":true,"href":"https:\/\/weingut-ziereisen.de\/index.php?rest_route=%2Fwp%2Fv2%2Fcomments&post=431"}],"version-history":[{"count":196,"href":"https:\/\/weingut-ziereisen.de\/index.php?rest_route=\/wp\/v2\/pages\/431\/revisions"}],"predecessor-version":[{"id":1259,"href":"https:\/\/weingut-ziereisen.de\/index.php?rest_route=\/wp\/v2\/pages\/431\/revisions\/1259"}],"wp:attachment":[{"href":"https:\/\/weingut-ziereisen.de\/index.php?rest_route=%2Fwp%2Fv2%2Fmedia&parent=431"}],"curies":[{"name":"wp","href":"https:\/\/api.w.org\/{rel}","templated":true}]}}